{"id":765,"date":"2023-06-06T11:55:17","date_gmt":"2023-06-06T11:55:17","guid":{"rendered":"https:\/\/calkika.com\/qui-som\/"},"modified":"2025-09-16T16:30:19","modified_gmt":"2025-09-16T16:30:19","slug":"qui-som","status":"publish","type":"page","link":"https:\/\/calkika.com\/ca\/qui-som\/","title":{"rendered":"Qui som"},"content":{"rendered":"\t\t<div data-elementor-type=\"wp-page\" data-elementor-id=\"765\" class=\"elementor elementor-765 elementor-28\" data-elementor-post-type=\"page\">\n\t\t\t\t\t\t<section class=\"elementor-section elementor-top-section elementor-element elementor-element-1bad28a1 elementor-section-full_width elementor-section-content-middle elementor-reverse-mobile elementor-section-height-min-height elementor-section-items-stretch elementor-section-height-default\" data-id=\"1bad28a1\" data-element_type=\"section\" data-e-type=\"section\">\n\t\t\t\t\t\t<div class=\"elementor-container elementor-column-gap-no\">\n\t\t\t\t\t<div class=\"elementor-column elementor-col-50 elementor-top-column elementor-element elementor-element-e8333ac\" data-id=\"e8333ac\" data-element_type=\"column\" data-e-type=\"column\" data-settings=\"{&quot;background_background&quot;:&quot;classic&quot;}\">\n\t\t\t<div class=\"elementor-widget-wrap elementor-element-populated\">\n\t\t\t\t\t\t<div class=\"elementor-element elementor-element-d13c99c elementor-widget elementor-widget-spacer\" data-id=\"d13c99c\" data-element_type=\"widget\" data-e-type=\"widget\" data-widget_type=\"spacer.default\">\n\t\t\t\t<div class=\"elementor-widget-container\">\n\t\t\t\t\t\t\t<div class=\"elementor-spacer\">\n\t\t\t<div class=\"elementor-spacer-inner\"><\/div>\n\t\t<\/div>\n\t\t\t\t\t\t<\/div>\n\t\t\t\t<\/div>\n\t\t\t\t\t<\/div>\n\t\t<\/div>\n\t\t\t\t<div class=\"elementor-column elementor-col-50 elementor-top-column elementor-element elementor-element-49189231\" data-id=\"49189231\" data-element_type=\"column\" data-e-type=\"column\">\n\t\t\t<div class=\"elementor-widget-wrap elementor-element-populated\">\n\t\t\t\t\t\t<div class=\"elementor-element elementor-element-6e51f598 elementor-invisible elementor-widget elementor-widget-heading\" data-id=\"6e51f598\" data-element_type=\"widget\" data-e-type=\"widget\" data-settings=\"{&quot;_animation&quot;:&quot;fadeIn&quot;}\" data-widget_type=\"heading.default\">\n\t\t\t\t<div class=\"elementor-widget-container\">\n\t\t\t\t\t<h2 class=\"elementor-heading-title elementor-size-default\">Qui som<\/h2>\t\t\t\t<\/div>\n\t\t\t\t<\/div>\n\t\t\t\t<div class=\"elementor-element elementor-element-f9b6ee9 elementor-invisible elementor-widget elementor-widget-text-editor\" data-id=\"f9b6ee9\" data-element_type=\"widget\" data-e-type=\"widget\" data-settings=\"{&quot;_animation&quot;:&quot;fadeIn&quot;,&quot;_animation_delay&quot;:400}\" data-widget_type=\"text-editor.default\">\n\t\t\t\t<div class=\"elementor-widget-container\">\n\t\t\t\t\t\t\t\t\t<p>Cal Kika \u00e9s el resultat d&#8217;una hist\u00f2ria familiar lligada a la passi\u00f3 per la fruita de pinyol. A Aitona, un petit poble del Segri\u00e0 on l&#8217;agricultura ha marcat la vida de generacions, la nostra fam\u00edlia sempre ha estat vinculada al cultiu de presseguers, nectarines i paraguaians. Tres generacions han treballat la terra amb dedicaci\u00f3 i esfor\u00e7, mantenint viva una tradici\u00f3 que forma part de la identitat de la nostra terra.<\/p><p>D&#8217;aquest llegat neix el projecte de Cal Kika, amb la il\u00b7lusi\u00f3 de transformar la fruita dels nostres camps en conserves de la m\u00e0xima qualitat. El nostre objectiu, des del primer dia, ha estat clar: conservar el millor de la fruita d&#8217;Aitona durant tot l&#8217;any, respectant-ne el sabor, l&#8217;aroma i l&#8217;autenticitat.<\/p><p>Els nostres or\u00edgens tamb\u00e9 estan profundament connectats amb el fenomen del\u00a0<em>fruiturisme<\/em>. Cada primavera, quan els fruiters floreixen i els camps s&#8217;omplen de tons rosats, Aitona rep milers de visitants que venen a gaudir de la bellesa del nostre paisatge. Aquest vincle entre natura, cultura i fruita ens va inspirar a anar m\u00e9s enll\u00e0: fer que cada pot de Cal Kika contingui no nom\u00e9s un producte, sin\u00f3 tamb\u00e9 una experi\u00e8ncia que transmet l&#8217;ess\u00e8ncia d&#8217;Aitona.<\/p><p>A Cal Kika creiem en el valor de la tradici\u00f3, en la import\u00e0ncia de cuidar cada detall de manera artesanal i en la for\u00e7a d&#8217;un producte aut\u00e8ntic que parla per si mateix. La nostra missi\u00f3 \u00e9s clara: honorar l&#8217;origen i oferir una fruita excepcional, treballada amb respecte i dedicaci\u00f3, perqu\u00e8 arribi a taula amb tota la seva frescor i car\u00e0cter.<\/p>\t\t\t\t\t\t\t\t<\/div>\n\t\t\t\t<\/div>\n\t\t\t\t\t<\/div>\n\t\t<\/div>\n\t\t\t\t\t<\/div>\n\t\t<\/section>\n\t\t\t\t<section class=\"elementor-section elementor-top-section elementor-element elementor-element-b7bc8c2 elementor-section-boxed elementor-section-height-default elementor-section-height-default\" data-id=\"b7bc8c2\" data-element_type=\"section\" data-e-type=\"section\">\n\t\t\t\t\t\t<div class=\"elementor-container elementor-column-gap-default\">\n\t\t\t\t\t<div class=\"elementor-column elementor-col-100 elementor-top-column elementor-element elementor-element-a2205c5\" data-id=\"a2205c5\" data-element_type=\"column\" data-e-type=\"column\">\n\t\t\t<div class=\"elementor-widget-wrap elementor-element-populated\">\n\t\t\t\t\t\t<div class=\"elementor-element elementor-element-2cda487 elementor-widget elementor-widget-text-editor\" data-id=\"2cda487\" data-element_type=\"widget\" data-e-type=\"widget\" data-widget_type=\"text-editor.default\">\n\t\t\t\t<div class=\"elementor-widget-container\">\n\t\t\t\t\t\t\t\t\t<p>Els nostres productes de melmelades artesanals i sucs fets a m\u00e0 a Aitona et transportaran als sabors tradicionals de la regi\u00f3. Descobriu una experi\u00e8ncia \u00fanica i aut\u00e8ntica.<\/p>\t\t\t\t\t\t\t\t<\/div>\n\t\t\t\t<\/div>\n\t\t\t\t\t<\/div>\n\t\t<\/div>\n\t\t\t\t\t<\/div>\n\t\t<\/section>\n\t\t\t\t<\/div>\n\t\t","protected":false},"excerpt":{"rendered":"<p>Qui som Cal Kika \u00e9s el resultat d&#8217;una hist\u00f2ria familiar lligada a la passi\u00f3 per la fruita de pinyol. A Aitona, un petit poble del Segri\u00e0 on l&#8217;agricultura ha marcat la vida de generacions, la nostra fam\u00edlia sempre ha estat vinculada al cultiu de presseguers, nectarines i paraguaians. Tres generacions han treballat la terra amb [&hellip;]<\/p>\n","protected":false},"author":2,"featured_media":0,"parent":0,"menu_order":0,"comment_status":"closed","ping_status":"closed","template":"elementor_header_footer","meta":{"footnotes":""},"class_list":["post-765","page","type-page","status-publish","hentry"],"yoast_head":"<!-- This site is optimized with the Yoast SEO plugin v27.4 - https:\/\/yoast.com\/product\/yoast-seo-wordpress\/ -->\n<title>Alm\u00edvar artesanals d&#039;Aitona - CalKika<\/title>\n<meta name=\"description\" content=\"Els nostres productes de melmelades artesanals i sucs fets a m\u00e0 a Aitona et transportaran als sabors tradicionals de la regi\u00f3. Descobriu una experi\u00e8ncia \u00fanica i aut\u00e8ntica.\" \/>\n<meta name=\"robots\" content=\"index, follow, max-snippet:-1, max-image-preview:large, max-video-preview:-1\" \/>\n<link rel=\"canonical\" href=\"https:\/\/calkika.com\/ca\/qui-som\/\" \/>\n<meta property=\"og:locale\" content=\"ca_ES\" \/>\n<meta property=\"og:type\" content=\"article\" \/>\n<meta property=\"og:title\" content=\"Alm\u00edvar artesanals d&#039;Aitona - CalKika\" \/>\n<meta property=\"og:description\" content=\"Els nostres productes de melmelades artesanals i sucs fets a m\u00e0 a Aitona et transportaran als sabors tradicionals de la regi\u00f3. Descobriu una experi\u00e8ncia \u00fanica i aut\u00e8ntica.\" \/>\n<meta property=\"og:url\" content=\"https:\/\/calkika.com\/ca\/qui-som\/\" \/>\n<meta property=\"og:site_name\" content=\"CalKika\" \/>\n<meta property=\"article:modified_time\" content=\"2025-09-16T16:30:19+00:00\" \/>\n<meta name=\"twitter:card\" content=\"summary_large_image\" \/>\n<meta name=\"twitter:label1\" content=\"Temps estimat de lectura\" \/>\n\t<meta name=\"twitter:data1\" content=\"2 minuts\" \/>\n<script type=\"application\/ld+json\" class=\"yoast-schema-graph\">{\"@context\":\"https:\\\/\\\/schema.org\",\"@graph\":[{\"@type\":\"WebPage\",\"@id\":\"https:\\\/\\\/calkika.com\\\/ca\\\/qui-som\\\/\",\"url\":\"https:\\\/\\\/calkika.com\\\/ca\\\/qui-som\\\/\",\"name\":\"Alm\u00edvar artesanals d'Aitona - CalKika\",\"isPartOf\":{\"@id\":\"https:\\\/\\\/calkika.com\\\/ca\\\/#website\"},\"datePublished\":\"2023-06-06T11:55:17+00:00\",\"dateModified\":\"2025-09-16T16:30:19+00:00\",\"description\":\"Els nostres productes de melmelades artesanals i sucs fets a m\u00e0 a Aitona et transportaran als sabors tradicionals de la regi\u00f3. Descobriu una experi\u00e8ncia \u00fanica i aut\u00e8ntica.\",\"breadcrumb\":{\"@id\":\"https:\\\/\\\/calkika.com\\\/ca\\\/qui-som\\\/#breadcrumb\"},\"inLanguage\":\"ca\",\"potentialAction\":[{\"@type\":\"ReadAction\",\"target\":[\"https:\\\/\\\/calkika.com\\\/ca\\\/qui-som\\\/\"]}]},{\"@type\":\"BreadcrumbList\",\"@id\":\"https:\\\/\\\/calkika.com\\\/ca\\\/qui-som\\\/#breadcrumb\",\"itemListElement\":[{\"@type\":\"ListItem\",\"position\":1,\"name\":\"Inici\",\"item\":\"https:\\\/\\\/calkika.com\\\/ca\\\/\"},{\"@type\":\"ListItem\",\"position\":2,\"name\":\"Qui som\"}]},{\"@type\":\"WebSite\",\"@id\":\"https:\\\/\\\/calkika.com\\\/ca\\\/#website\",\"url\":\"https:\\\/\\\/calkika.com\\\/ca\\\/\",\"name\":\"CalKika\",\"description\":\"Producci\u00f3 artesanal\",\"publisher\":{\"@id\":\"https:\\\/\\\/calkika.com\\\/ca\\\/#organization\"},\"potentialAction\":[{\"@type\":\"SearchAction\",\"target\":{\"@type\":\"EntryPoint\",\"urlTemplate\":\"https:\\\/\\\/calkika.com\\\/ca\\\/?s={search_term_string}\"},\"query-input\":{\"@type\":\"PropertyValueSpecification\",\"valueRequired\":true,\"valueName\":\"search_term_string\"}}],\"inLanguage\":\"ca\"},{\"@type\":\"Organization\",\"@id\":\"https:\\\/\\\/calkika.com\\\/ca\\\/#organization\",\"name\":\"CalKika\",\"url\":\"https:\\\/\\\/calkika.com\\\/ca\\\/\",\"logo\":{\"@type\":\"ImageObject\",\"inLanguage\":\"ca\",\"@id\":\"https:\\\/\\\/calkika.com\\\/ca\\\/#\\\/schema\\\/logo\\\/image\\\/\",\"url\":\"https:\\\/\\\/calkika.com\\\/wp-content\\\/uploads\\\/2023\\\/06\\\/logo.png\",\"contentUrl\":\"https:\\\/\\\/calkika.com\\\/wp-content\\\/uploads\\\/2023\\\/06\\\/logo.png\",\"width\":512,\"height\":512,\"caption\":\"CalKika\"},\"image\":{\"@id\":\"https:\\\/\\\/calkika.com\\\/ca\\\/#\\\/schema\\\/logo\\\/image\\\/\"}}]}<\/script>\n<!-- \/ Yoast SEO plugin. -->","yoast_head_json":{"title":"Alm\u00edvar artesanals d'Aitona - CalKika","description":"Els nostres productes de melmelades artesanals i sucs fets a m\u00e0 a Aitona et transportaran als sabors tradicionals de la regi\u00f3. Descobriu una experi\u00e8ncia \u00fanica i aut\u00e8ntica.","robots":{"index":"index","follow":"follow","max-snippet":"max-snippet:-1","max-image-preview":"max-image-preview:large","max-video-preview":"max-video-preview:-1"},"canonical":"https:\/\/calkika.com\/ca\/qui-som\/","og_locale":"ca_ES","og_type":"article","og_title":"Alm\u00edvar artesanals d'Aitona - CalKika","og_description":"Els nostres productes de melmelades artesanals i sucs fets a m\u00e0 a Aitona et transportaran als sabors tradicionals de la regi\u00f3. Descobriu una experi\u00e8ncia \u00fanica i aut\u00e8ntica.","og_url":"https:\/\/calkika.com\/ca\/qui-som\/","og_site_name":"CalKika","article_modified_time":"2025-09-16T16:30:19+00:00","twitter_card":"summary_large_image","twitter_misc":{"Temps estimat de lectura":"2 minuts"},"schema":{"@context":"https:\/\/schema.org","@graph":[{"@type":"WebPage","@id":"https:\/\/calkika.com\/ca\/qui-som\/","url":"https:\/\/calkika.com\/ca\/qui-som\/","name":"Alm\u00edvar artesanals d'Aitona - CalKika","isPartOf":{"@id":"https:\/\/calkika.com\/ca\/#website"},"datePublished":"2023-06-06T11:55:17+00:00","dateModified":"2025-09-16T16:30:19+00:00","description":"Els nostres productes de melmelades artesanals i sucs fets a m\u00e0 a Aitona et transportaran als sabors tradicionals de la regi\u00f3. Descobriu una experi\u00e8ncia \u00fanica i aut\u00e8ntica.","breadcrumb":{"@id":"https:\/\/calkika.com\/ca\/qui-som\/#breadcrumb"},"inLanguage":"ca","potentialAction":[{"@type":"ReadAction","target":["https:\/\/calkika.com\/ca\/qui-som\/"]}]},{"@type":"BreadcrumbList","@id":"https:\/\/calkika.com\/ca\/qui-som\/#breadcrumb","itemListElement":[{"@type":"ListItem","position":1,"name":"Inici","item":"https:\/\/calkika.com\/ca\/"},{"@type":"ListItem","position":2,"name":"Qui som"}]},{"@type":"WebSite","@id":"https:\/\/calkika.com\/ca\/#website","url":"https:\/\/calkika.com\/ca\/","name":"CalKika","description":"Producci\u00f3 artesanal","publisher":{"@id":"https:\/\/calkika.com\/ca\/#organization"},"potentialAction":[{"@type":"SearchAction","target":{"@type":"EntryPoint","urlTemplate":"https:\/\/calkika.com\/ca\/?s={search_term_string}"},"query-input":{"@type":"PropertyValueSpecification","valueRequired":true,"valueName":"search_term_string"}}],"inLanguage":"ca"},{"@type":"Organization","@id":"https:\/\/calkika.com\/ca\/#organization","name":"CalKika","url":"https:\/\/calkika.com\/ca\/","logo":{"@type":"ImageObject","inLanguage":"ca","@id":"https:\/\/calkika.com\/ca\/#\/schema\/logo\/image\/","url":"https:\/\/calkika.com\/wp-content\/uploads\/2023\/06\/logo.png","contentUrl":"https:\/\/calkika.com\/wp-content\/uploads\/2023\/06\/logo.png","width":512,"height":512,"caption":"CalKika"},"image":{"@id":"https:\/\/calkika.com\/ca\/#\/schema\/logo\/image\/"}}]}},"_links":{"self":[{"href":"https:\/\/calkika.com\/ca\/wp-json\/wp\/v2\/pages\/765","targetHints":{"allow":["GET"]}}],"collection":[{"href":"https:\/\/calkika.com\/ca\/wp-json\/wp\/v2\/pages"}],"about":[{"href":"https:\/\/calkika.com\/ca\/wp-json\/wp\/v2\/types\/page"}],"author":[{"embeddable":true,"href":"https:\/\/calkika.com\/ca\/wp-json\/wp\/v2\/users\/2"}],"replies":[{"embeddable":true,"href":"https:\/\/calkika.com\/ca\/wp-json\/wp\/v2\/comments?post=765"}],"version-history":[{"count":10,"href":"https:\/\/calkika.com\/ca\/wp-json\/wp\/v2\/pages\/765\/revisions"}],"predecessor-version":[{"id":942,"href":"https:\/\/calkika.com\/ca\/wp-json\/wp\/v2\/pages\/765\/revisions\/942"}],"wp:attachment":[{"href":"https:\/\/calkika.com\/ca\/wp-json\/wp\/v2\/media?parent=765"}],"curies":[{"name":"wp","href":"https:\/\/api.w.org\/{rel}","templated":true}]}}